{"id":5,"date":"2015-09-24T14:18:01","date_gmt":"2015-09-24T14:18:01","guid":{"rendered":"http:\/\/rosemary.ancorathemes.com\/?page_id=5"},"modified":"2025-04-06T18:29:17","modified_gmt":"2025-04-06T18:29:17","slug":"bio-stimulation","status":"publish","type":"page","link":"https:\/\/physio-neukoelln.de\/?page_id=5","title":{"rendered":"Bio-Stimulation"},"content":{"rendered":"<p>[vc_row el_class=&#8221;test_row&#8221;][vc_column][vc_text_separator title=&#8221;Biomechanische Stimulation mit blueswing\u00ae&#8221;][\/vc_column][\/vc_row][vc_row][vc_column][vc_column_text]<\/p>\n<div class=\"row\">\n<div class=\"col-sm-12\">\n<p style=\"text-align: center;\">Biomechanische Stimulation (BMS) ist eine Trainings- und Therapiemethode, bei der Schwingungen entweder auf den gesamten K\u00f6rper oder nur auf gew\u00fcnschte K\u00f6rperpartien \u00fcbertragen werden.<\/p>\n<p style=\"text-align: center;\">Die Ausl\u00f6sung sogenannter Dehnreflexe der Muskulatur, die unwillk\u00fcrliche Muskelkontraktionen hervorrufen, wird als haupturs\u00e4chliches Wirkungsprinzip der Biomechanischen Stimulation angesehen.<\/p>\n<p style=\"text-align: center;\">Ziel dieser Behandlungsmethode ist die Stimulation sowie die Harmonisierung verschiedener Funktionssysteme unseres K\u00f6rpers:<br \/>\ndes Blut- &amp; Lymphkreislaufs, des Hormonhaushaltes, der Muskulatur sowie Knochen.<\/p>\n<p>&nbsp;<\/p>\n<\/div>\n<\/div>\n<p>[\/vc_column_text][vc_separator][\/vc_column][\/vc_row][vc_row][vc_column width=&#8221;1\/2&#8243;][vc_column_text]<\/p>\n<h2><span style=\"font-size: 24pt;\">Wogegen hilft Biomechanische Stimulation?<\/span><\/h2>\n<ul>\n<li>Orthop\u00e4dische Erkrankungen (z.B. Schulter-, R\u00fccken- und H\u00fcftbeschwerden)<\/li>\n<li>Schmerzen im Bewegungsapparat (Prellung\/Zerrung\/Stauchung\/nach OP\/\u2026)<\/li>\n<li>Muskelverspannung, -schw\u00e4che &amp; -schwund (Multiple Sklerose\/Spastik\/\u2026)<\/li>\n<li>Nacken- &amp; Kopfschmerzen (z.B. HWS-Syndrom Schleudertrauma ( Grad I &amp; II)<\/li>\n<li>Sch\u00e4digungen der Bandscheibe\/Bandscheibenvorfall<\/li>\n<li>Mangel an Kondition und Koordination<\/li>\n<li>belastungsbedingte Inkontinenz<\/li>\n<li>Behandlung nach Schlaganfall\/L\u00e4hmung<\/li>\n<li>Neuromuskul\u00e4re Funktionsst\u00f6rungen (Parkinson\/nach Operationen)<\/li>\n<li>Degenerative, rheumatische Erkrankungen<\/li>\n<li>Stoffwechsel- und Durchblutungsst\u00f6rungen<\/li>\n<li>Sklerodermie (=krankhafte Verh\u00e4rtung und Schrumpfung von Haut und Bindegewebe) Narbengewebe<\/li>\n<li>Mangel an Kondition und Koordination<\/li>\n<\/ul>\n<p>[\/vc_column_text][\/vc_column][vc_column width=&#8221;1\/2&#8243;][vc_column_text]<\/p>\n<h2><span style=\"font-size: 24pt;\">Sp\u00fcrbare Erfolge durch:<\/span><\/h2>\n<ul>\n<li>Orthop\u00e4dische Erkrankungen (z.B. Schulter-, R\u00fccken- und H\u00fcftbeschwerden)<\/li>\n<li>Schmerzen im Bewegungsapparat (Prellung\/Zerrung\/Stauchung\/nach OP\/\u2026)<\/li>\n<li>Muskelverspannung, -schw\u00e4che &amp; -schwund (Multiple Sklerose\/Spastik\/\u2026)<\/li>\n<\/ul>\n<p>[\/vc_column_text][\/vc_column][\/vc_row]<\/p>\n","protected":false},"excerpt":{"rendered":"<p>[vc_row el_class=&#8221;test_row&#8221;][vc_column][vc_text_separator title=&#8221;Biomechanische Stimulation mit blueswing\u00ae&#8221;][\/vc_column][\/vc_row][vc_row][vc_column][vc_column_text] Biomechanische Stimulation (BMS) ist eine Trainings- und Therapiemethode, bei der Schwingungen entweder auf den gesamten K\u00f6rper oder nur auf gew\u00fcnschte K\u00f6rperpartien \u00fcbertragen werden. Die &hellip; <\/p>\n","protected":false},"author":1,"featured_media":0,"parent":0,"menu_order":0,"comment_status":"closed","ping_status":"closed","template":"","meta":{"ngg_post_thumbnail":0,"footnotes":""},"class_list":["post-5","page","type-page","status-publish","hentry","latest_post"],"_links":{"self":[{"href":"https:\/\/physio-neukoelln.de\/index.php?rest_route=\/wp\/v2\/pages\/5","targetHints":{"allow":["GET"]}}],"collection":[{"href":"https:\/\/physio-neukoelln.de\/index.php?rest_route=\/wp\/v2\/pages"}],"about":[{"href":"https:\/\/physio-neukoelln.de\/index.php?rest_route=\/wp\/v2\/types\/page"}],"author":[{"embeddable":true,"href":"https:\/\/physio-neukoelln.de\/index.php?rest_route=\/wp\/v2\/users\/1"}],"replies":[{"embeddable":true,"href":"https:\/\/physio-neukoelln.de\/index.php?rest_route=%2Fwp%2Fv2%2Fcomments&post=5"}],"version-history":[{"count":13,"href":"https:\/\/physio-neukoelln.de\/index.php?rest_route=\/wp\/v2\/pages\/5\/revisions"}],"predecessor-version":[{"id":2180,"href":"https:\/\/physio-neukoelln.de\/index.php?rest_route=\/wp\/v2\/pages\/5\/revisions\/2180"}],"wp:attachment":[{"href":"https:\/\/physio-neukoelln.de\/index.php?rest_route=%2Fwp%2Fv2%2Fmedia&parent=5"}],"curies":[{"name":"wp","href":"https:\/\/api.w.org\/{rel}","templated":true}]}}